{"id":438,"date":"2024-01-13T22:26:33","date_gmt":"2024-01-13T21:26:33","guid":{"rendered":"https:\/\/leschouettesfilles.fr\/?post_type=product&#038;p=438"},"modified":"2024-05-15T10:50:36","modified_gmt":"2024-05-15T08:50:36","slug":"bracelet-fin-esturgeon","status":"publish","type":"product","link":"https:\/\/leschouettesfilles.fr\/index.php\/product\/bracelet-fin-esturgeon\/","title":{"rendered":"Bracelet manchette fin dor\u00e9 et cuir d&rsquo;esturgeon"},"content":{"rendered":"<p>Bracelet Manchette ouvert en acier inoxydable plaqu\u00e9 or 18 carats avec incrustation d&rsquo;un bandeau de cuir v\u00e9ritable d&rsquo;esturgeon. Largeur : 7 mm. Dimensions du bracelet ovale : 6cm plus grande hauteur et 5cm pour plus petite hauteur.<\/p>\n<h3>Conseils d&rsquo;entretien<\/h3>\n<p>Tous les bijoux sont fabriqu\u00e9s \u00e0 la main, en s\u00e9rie tr\u00e8s limit\u00e9e. Un tr\u00e8s grand soin est apport\u00e9 dans leur conception pour qu\u2019ils soient aussi solides que possible. Les parties en cuir sont d\u00e9licates et sensibles. Aussi pour prolonger la dur\u00e9e de vie de nos bijoux dans leur \u00e9clat d\u2019origine, il est pr\u00e9conis\u00e9:<\/p>\n<ul>\n<li>de les retirer pour dormir,<\/li>\n<li>d\u2019\u00e9viter tout contact direct avec l\u2019eau, la transpiration, les cosm\u00e9tiques, le chlore et l\u2019eau de mer,<\/li>\n<li>de les ranger \u00e0 l\u2019abri de l\u2019humidit\u00e9, dans une boite \u00e0 bijoux ou une pochette.<\/li>\n<\/ul>\n<h3>Livraison et retour<\/h3>\n<p>Votre bijou sera livr\u00e9 dans sa petite pochette adapt\u00e9e. Nous y glisserons les quelques conseils d&rsquo;entretien ci-dessus ;-). Le tout sera plac\u00e9 dans une enveloppe cartonn\u00e9e ou avec papier \u00e0 bulles pour que votre bijou ne soit pas endommag\u00e9 lors de la livraison. Nous proposons deux types d&rsquo;envoi par La Poste, dont les frais respectifs seront affich\u00e9s lors du passage de votre commande :<\/p>\n<ul>\n<li>lettre suivie remise en boite aux lettres sans signature,<\/li>\n<li>colissimo remis contre signature.<\/li>\n<\/ul>\n<p>Pour les nantais, vous pouvez \u00e9galement venir chercher votre commande au <a href=\"https:\/\/osm.org\/go\/eq2mt~TIl?node=1719835258\" target=\"_blank\" rel=\"noopener\">4 rue Paul Gauguin &#8211; 44100 Nantes<\/a>.<\/p>\n<p>Conform\u00e9ment au code de la consommation, vous disposez de 14 jours pour vous r\u00e9tracter \u00e0 compter du paiement de la commande. Si le bijou choisi ne convient finalement pas, nous vous saurions gr\u00e9 de nous le faire savoir au plus vite sans attendre la fin du d\u00e9lai l\u00e9gal par le biais de <a href=\"https:\/\/leschouettesfilles.fr\/wp-content\/uploads\/2023\/10\/Formulaire_de_retractation.odt\">ce formulaire<\/a> ou via notre <a href=\"https:\/\/leschouettesfilles.fr\/index.php\/contact\/\">formulaire de contact<\/a>. Notez-bien que les frais de retour sont \u00e0 votre charge. Comme indiqu\u00e9 dans nos <a href=\"https:\/\/leschouettesfilles.fr\/index.php\/conditions-generales-de-vente\/\">CGV<\/a> les produits retourn\u00e9s visiblement us\u00e9s ou ab\u00eem\u00e9s ne seront pas repris. Merci pour votre compr\u00e9hension.<\/p>\n<h3>Besoin d&rsquo;un renseignement ?<\/h3>\n<p>N&rsquo;h\u00e9sitez pas \u00e0 nous poser vos questions en utilisant notre <a href=\"https:\/\/leschouettesfilles.fr\/index.php\/contact\/\" target=\"_blank\" rel=\"noopener\">formulaire de contact<\/a>.<\/p>\n<p><img loading=\"lazy\" decoding=\"async\" class=\"aligncenter wp-image-45\" src=\"https:\/\/leschouettesfilles.fr\/wp-content\/uploads\/2023\/09\/Medaillon-Chouettes-Filles-300px.png\" alt=\"\" width=\"125\" height=\"125\" srcset=\"https:\/\/leschouettesfilles.fr\/wp-content\/uploads\/2023\/09\/Medaillon-Chouettes-Filles-300px.png 300w, https:\/\/leschouettesfilles.fr\/wp-content\/uploads\/2023\/09\/Medaillon-Chouettes-Filles-300px-150x150.png 150w, https:\/\/leschouettesfilles.fr\/wp-content\/uploads\/2023\/09\/Medaillon-Chouettes-Filles-300px-100x100.png 100w\" sizes=\"auto, (max-width: 125px) 100vw, 125px\" \/><\/p>\n","protected":false},"excerpt":{"rendered":"<p>Bracelet Manchette rafin\u00e9, tr\u00e8s rare cuir d&rsquo;esturgeon.<\/p>\n","protected":false},"featured_media":425,"template":"","meta":[],"product_brand":[],"product_cat":[45],"product_tag":[],"class_list":{"0":"post-438","1":"product","2":"type-product","3":"status-publish","4":"has-post-thumbnail","6":"product_cat-bracelets","8":"first","9":"instock","10":"sold-individually","11":"shipping-taxable","12":"purchasable","13":"product-type-simple"},"yoast_head":"<!-- This site is optimized with the Yoast SEO plugin v27.3 - https:\/\/yoast.com\/product\/yoast-seo-wordpress\/ -->\n<title>Bracelet manchette fin dor\u00e9 et cuir d&#039;esturgeon - Les Chouettes Filles<\/title>\n<meta name=\"description\" content=\"Bracelet Manchette ouvert en acier inoxydable plaqu\u00e9 or 18 carats avec incrustation d&#039;un bandeau de cuir v\u00e9ritable d&#039;esturgeon. Largeur du bandeau : 40 mm. Dimensions du bracelet ovale : 6cm plus grande hauteur et 5cm pour plus petite hauteur.\" \/>\n<meta name=\"robots\" content=\"index, follow, max-snippet:-1, max-image-preview:large, max-video-preview:-1\" \/>\n<link rel=\"canonical\" href=\"https:\/\/leschouettesfilles.fr\/index.php\/product\/bracelet-fin-esturgeon\/\" \/>\n<meta property=\"og:locale\" content=\"fr_FR\" \/>\n<meta property=\"og:type\" content=\"article\" \/>\n<meta property=\"og:title\" content=\"Bracelet manchette fin dor\u00e9 et cuir d&#039;esturgeon - Les Chouettes Filles\" \/>\n<meta property=\"og:description\" content=\"Bracelet Manchette ouvert en acier inoxydable plaqu\u00e9 or 18 carats avec incrustation d&#039;un bandeau de cuir v\u00e9ritable d&#039;esturgeon. Largeur du bandeau : 40 mm. Dimensions du bracelet ovale : 6cm plus grande hauteur et 5cm pour plus petite hauteur.\" \/>\n<meta property=\"og:url\" content=\"https:\/\/leschouettesfilles.fr\/index.php\/product\/bracelet-fin-esturgeon\/\" \/>\n<meta property=\"og:site_name\" content=\"Les Chouettes Filles\" \/>\n<meta property=\"article:modified_time\" content=\"2024-05-15T08:50:36+00:00\" \/>\n<meta property=\"og:image\" content=\"https:\/\/leschouettesfilles.fr\/wp-content\/uploads\/2024\/01\/Bracelet-dore-cuir-esturgeon.jpg\" \/>\n\t<meta property=\"og:image:width\" content=\"850\" \/>\n\t<meta property=\"og:image:height\" content=\"532\" \/>\n\t<meta property=\"og:image:type\" content=\"image\/jpeg\" \/>\n<meta name=\"twitter:card\" content=\"summary_large_image\" \/>\n<meta name=\"twitter:label1\" content=\"Dur\u00e9e de lecture estim\u00e9e\" \/>\n\t<meta name=\"twitter:data1\" content=\"3 minutes\" \/>\n<script type=\"application\/ld+json\" class=\"yoast-schema-graph\">{\"@context\":\"https:\\\/\\\/schema.org\",\"@graph\":[{\"@type\":\"WebPage\",\"@id\":\"https:\\\/\\\/leschouettesfilles.fr\\\/index.php\\\/product\\\/bracelet-fin-esturgeon\\\/\",\"url\":\"https:\\\/\\\/leschouettesfilles.fr\\\/index.php\\\/product\\\/bracelet-fin-esturgeon\\\/\",\"name\":\"Bracelet manchette fin dor\u00e9 et cuir d'esturgeon - Les Chouettes Filles\",\"isPartOf\":{\"@id\":\"https:\\\/\\\/leschouettesfilles.fr\\\/#website\"},\"primaryImageOfPage\":{\"@id\":\"https:\\\/\\\/leschouettesfilles.fr\\\/index.php\\\/product\\\/bracelet-fin-esturgeon\\\/#primaryimage\"},\"image\":{\"@id\":\"https:\\\/\\\/leschouettesfilles.fr\\\/index.php\\\/product\\\/bracelet-fin-esturgeon\\\/#primaryimage\"},\"thumbnailUrl\":\"https:\\\/\\\/leschouettesfilles.fr\\\/wp-content\\\/uploads\\\/2024\\\/01\\\/Bracelet-dore-cuir-esturgeon.jpg\",\"datePublished\":\"2024-01-13T21:26:33+00:00\",\"dateModified\":\"2024-05-15T08:50:36+00:00\",\"description\":\"Bracelet Manchette ouvert en acier inoxydable plaqu\u00e9 or 18 carats avec incrustation d'un bandeau de cuir v\u00e9ritable d'esturgeon. Largeur du bandeau : 40 mm. Dimensions du bracelet ovale : 6cm plus grande hauteur et 5cm pour plus petite hauteur.\",\"breadcrumb\":{\"@id\":\"https:\\\/\\\/leschouettesfilles.fr\\\/index.php\\\/product\\\/bracelet-fin-esturgeon\\\/#breadcrumb\"},\"inLanguage\":\"fr-FR\",\"potentialAction\":[{\"@type\":\"ReadAction\",\"target\":[\"https:\\\/\\\/leschouettesfilles.fr\\\/index.php\\\/product\\\/bracelet-fin-esturgeon\\\/\"]}]},{\"@type\":\"ImageObject\",\"inLanguage\":\"fr-FR\",\"@id\":\"https:\\\/\\\/leschouettesfilles.fr\\\/index.php\\\/product\\\/bracelet-fin-esturgeon\\\/#primaryimage\",\"url\":\"https:\\\/\\\/leschouettesfilles.fr\\\/wp-content\\\/uploads\\\/2024\\\/01\\\/Bracelet-dore-cuir-esturgeon.jpg\",\"contentUrl\":\"https:\\\/\\\/leschouettesfilles.fr\\\/wp-content\\\/uploads\\\/2024\\\/01\\\/Bracelet-dore-cuir-esturgeon.jpg\",\"width\":850,\"height\":532},{\"@type\":\"BreadcrumbList\",\"@id\":\"https:\\\/\\\/leschouettesfilles.fr\\\/index.php\\\/product\\\/bracelet-fin-esturgeon\\\/#breadcrumb\",\"itemListElement\":[{\"@type\":\"ListItem\",\"position\":1,\"name\":\"Accueil\",\"item\":\"https:\\\/\\\/leschouettesfilles.fr\\\/\"},{\"@type\":\"ListItem\",\"position\":2,\"name\":\"Boutique\",\"item\":\"https:\\\/\\\/leschouettesfilles.fr\\\/index.php\\\/shop\\\/\"},{\"@type\":\"ListItem\",\"position\":3,\"name\":\"Bracelet manchette fin dor\u00e9 et cuir d&rsquo;esturgeon\"}]},{\"@type\":\"WebSite\",\"@id\":\"https:\\\/\\\/leschouettesfilles.fr\\\/#website\",\"url\":\"https:\\\/\\\/leschouettesfilles.fr\\\/\",\"name\":\"Les Chouettes Filles\",\"description\":\"Cr\u00e9ations nantaises de bijoux Fantaisie en cuir upcycl\u00e9\",\"publisher\":{\"@id\":\"https:\\\/\\\/leschouettesfilles.fr\\\/#organization\"},\"potentialAction\":[{\"@type\":\"SearchAction\",\"target\":{\"@type\":\"EntryPoint\",\"urlTemplate\":\"https:\\\/\\\/leschouettesfilles.fr\\\/?s={search_term_string}\"},\"query-input\":{\"@type\":\"PropertyValueSpecification\",\"valueRequired\":true,\"valueName\":\"search_term_string\"}}],\"inLanguage\":\"fr-FR\"},{\"@type\":\"Organization\",\"@id\":\"https:\\\/\\\/leschouettesfilles.fr\\\/#organization\",\"name\":\"Les Chouettes Filles\",\"url\":\"https:\\\/\\\/leschouettesfilles.fr\\\/\",\"logo\":{\"@type\":\"ImageObject\",\"inLanguage\":\"fr-FR\",\"@id\":\"https:\\\/\\\/leschouettesfilles.fr\\\/#\\\/schema\\\/logo\\\/image\\\/\",\"url\":\"https:\\\/\\\/leschouettesfilles.fr\\\/wp-content\\\/uploads\\\/2023\\\/09\\\/ICONE-ChouettesFilles.png\",\"contentUrl\":\"https:\\\/\\\/leschouettesfilles.fr\\\/wp-content\\\/uploads\\\/2023\\\/09\\\/ICONE-ChouettesFilles.png\",\"width\":512,\"height\":512,\"caption\":\"Les Chouettes Filles\"},\"image\":{\"@id\":\"https:\\\/\\\/leschouettesfilles.fr\\\/#\\\/schema\\\/logo\\\/image\\\/\"},\"sameAs\":[\"https:\\\/\\\/www.instagram.com\\\/les_chouettes_filles\\\/\"]}]}<\/script>\n<!-- \/ Yoast SEO plugin. -->","yoast_head_json":{"title":"Bracelet manchette fin dor\u00e9 et cuir d'esturgeon - Les Chouettes Filles","description":"Bracelet Manchette ouvert en acier inoxydable plaqu\u00e9 or 18 carats avec incrustation d'un bandeau de cuir v\u00e9ritable d'esturgeon. Largeur du bandeau : 40 mm. Dimensions du bracelet ovale : 6cm plus grande hauteur et 5cm pour plus petite hauteur.","robots":{"index":"index","follow":"follow","max-snippet":"max-snippet:-1","max-image-preview":"max-image-preview:large","max-video-preview":"max-video-preview:-1"},"canonical":"https:\/\/leschouettesfilles.fr\/index.php\/product\/bracelet-fin-esturgeon\/","og_locale":"fr_FR","og_type":"article","og_title":"Bracelet manchette fin dor\u00e9 et cuir d'esturgeon - Les Chouettes Filles","og_description":"Bracelet Manchette ouvert en acier inoxydable plaqu\u00e9 or 18 carats avec incrustation d'un bandeau de cuir v\u00e9ritable d'esturgeon. Largeur du bandeau : 40 mm. Dimensions du bracelet ovale : 6cm plus grande hauteur et 5cm pour plus petite hauteur.","og_url":"https:\/\/leschouettesfilles.fr\/index.php\/product\/bracelet-fin-esturgeon\/","og_site_name":"Les Chouettes Filles","article_modified_time":"2024-05-15T08:50:36+00:00","og_image":[{"width":850,"height":532,"url":"https:\/\/leschouettesfilles.fr\/wp-content\/uploads\/2024\/01\/Bracelet-dore-cuir-esturgeon.jpg","type":"image\/jpeg"}],"twitter_card":"summary_large_image","twitter_misc":{"Dur\u00e9e de lecture estim\u00e9e":"3 minutes"},"schema":{"@context":"https:\/\/schema.org","@graph":[{"@type":"WebPage","@id":"https:\/\/leschouettesfilles.fr\/index.php\/product\/bracelet-fin-esturgeon\/","url":"https:\/\/leschouettesfilles.fr\/index.php\/product\/bracelet-fin-esturgeon\/","name":"Bracelet manchette fin dor\u00e9 et cuir d'esturgeon - Les Chouettes Filles","isPartOf":{"@id":"https:\/\/leschouettesfilles.fr\/#website"},"primaryImageOfPage":{"@id":"https:\/\/leschouettesfilles.fr\/index.php\/product\/bracelet-fin-esturgeon\/#primaryimage"},"image":{"@id":"https:\/\/leschouettesfilles.fr\/index.php\/product\/bracelet-fin-esturgeon\/#primaryimage"},"thumbnailUrl":"https:\/\/leschouettesfilles.fr\/wp-content\/uploads\/2024\/01\/Bracelet-dore-cuir-esturgeon.jpg","datePublished":"2024-01-13T21:26:33+00:00","dateModified":"2024-05-15T08:50:36+00:00","description":"Bracelet Manchette ouvert en acier inoxydable plaqu\u00e9 or 18 carats avec incrustation d'un bandeau de cuir v\u00e9ritable d'esturgeon. Largeur du bandeau : 40 mm. Dimensions du bracelet ovale : 6cm plus grande hauteur et 5cm pour plus petite hauteur.","breadcrumb":{"@id":"https:\/\/leschouettesfilles.fr\/index.php\/product\/bracelet-fin-esturgeon\/#breadcrumb"},"inLanguage":"fr-FR","potentialAction":[{"@type":"ReadAction","target":["https:\/\/leschouettesfilles.fr\/index.php\/product\/bracelet-fin-esturgeon\/"]}]},{"@type":"ImageObject","inLanguage":"fr-FR","@id":"https:\/\/leschouettesfilles.fr\/index.php\/product\/bracelet-fin-esturgeon\/#primaryimage","url":"https:\/\/leschouettesfilles.fr\/wp-content\/uploads\/2024\/01\/Bracelet-dore-cuir-esturgeon.jpg","contentUrl":"https:\/\/leschouettesfilles.fr\/wp-content\/uploads\/2024\/01\/Bracelet-dore-cuir-esturgeon.jpg","width":850,"height":532},{"@type":"BreadcrumbList","@id":"https:\/\/leschouettesfilles.fr\/index.php\/product\/bracelet-fin-esturgeon\/#breadcrumb","itemListElement":[{"@type":"ListItem","position":1,"name":"Accueil","item":"https:\/\/leschouettesfilles.fr\/"},{"@type":"ListItem","position":2,"name":"Boutique","item":"https:\/\/leschouettesfilles.fr\/index.php\/shop\/"},{"@type":"ListItem","position":3,"name":"Bracelet manchette fin dor\u00e9 et cuir d&rsquo;esturgeon"}]},{"@type":"WebSite","@id":"https:\/\/leschouettesfilles.fr\/#website","url":"https:\/\/leschouettesfilles.fr\/","name":"Les Chouettes Filles","description":"Cr\u00e9ations nantaises de bijoux Fantaisie en cuir upcycl\u00e9","publisher":{"@id":"https:\/\/leschouettesfilles.fr\/#organization"},"potentialAction":[{"@type":"SearchAction","target":{"@type":"EntryPoint","urlTemplate":"https:\/\/leschouettesfilles.fr\/?s={search_term_string}"},"query-input":{"@type":"PropertyValueSpecification","valueRequired":true,"valueName":"search_term_string"}}],"inLanguage":"fr-FR"},{"@type":"Organization","@id":"https:\/\/leschouettesfilles.fr\/#organization","name":"Les Chouettes Filles","url":"https:\/\/leschouettesfilles.fr\/","logo":{"@type":"ImageObject","inLanguage":"fr-FR","@id":"https:\/\/leschouettesfilles.fr\/#\/schema\/logo\/image\/","url":"https:\/\/leschouettesfilles.fr\/wp-content\/uploads\/2023\/09\/ICONE-ChouettesFilles.png","contentUrl":"https:\/\/leschouettesfilles.fr\/wp-content\/uploads\/2023\/09\/ICONE-ChouettesFilles.png","width":512,"height":512,"caption":"Les Chouettes Filles"},"image":{"@id":"https:\/\/leschouettesfilles.fr\/#\/schema\/logo\/image\/"},"sameAs":["https:\/\/www.instagram.com\/les_chouettes_filles\/"]}]}},"_links":{"self":[{"href":"https:\/\/leschouettesfilles.fr\/index.php\/wp-json\/wp\/v2\/product\/438","targetHints":{"allow":["GET"]}}],"collection":[{"href":"https:\/\/leschouettesfilles.fr\/index.php\/wp-json\/wp\/v2\/product"}],"about":[{"href":"https:\/\/leschouettesfilles.fr\/index.php\/wp-json\/wp\/v2\/types\/product"}],"wp:featuredmedia":[{"embeddable":true,"href":"https:\/\/leschouettesfilles.fr\/index.php\/wp-json\/wp\/v2\/media\/425"}],"wp:attachment":[{"href":"https:\/\/leschouettesfilles.fr\/index.php\/wp-json\/wp\/v2\/media?parent=438"}],"wp:term":[{"taxonomy":"product_brand","embeddable":true,"href":"https:\/\/leschouettesfilles.fr\/index.php\/wp-json\/wp\/v2\/product_brand?post=438"},{"taxonomy":"product_cat","embeddable":true,"href":"https:\/\/leschouettesfilles.fr\/index.php\/wp-json\/wp\/v2\/product_cat?post=438"},{"taxonomy":"product_tag","embeddable":true,"href":"https:\/\/leschouettesfilles.fr\/index.php\/wp-json\/wp\/v2\/product_tag?post=438"}],"curies":[{"name":"wp","href":"https:\/\/api.w.org\/{rel}","templated":true}]}}