{"id":74,"date":"2023-09-21T22:03:43","date_gmt":"2023-09-21T20:03:43","guid":{"rendered":"https:\/\/leschouettesfilles.fr\/index.php\/page-daccueil\/"},"modified":"2024-03-26T22:13:18","modified_gmt":"2024-03-26T21:13:18","slug":"page-daccueil","status":"publish","type":"page","link":"https:\/\/leschouettesfilles.fr\/","title":{"rendered":"Page d&rsquo;accueil"},"content":{"rendered":"\n<div class=\"wp-block-columns is-layout-flex wp-container-core-columns-is-layout-9d6595d7 wp-block-columns-is-layout-flex\">\n<div class=\"wp-block-column is-layout-flow wp-block-column-is-layout-flow\">\n<figure class=\"wp-block-image size-large\"><a href=\"https:\/\/leschouettesfilles.fr\/index.php\/shop\/\"><img loading=\"lazy\" decoding=\"async\" width=\"1024\" height=\"819\" src=\"https:\/\/leschouettesfilles.fr\/wp-content\/uploads\/2023\/10\/Flier-LesChouettesFilles-1024x819.png\" alt=\"\" class=\"wp-image-137\" srcset=\"https:\/\/leschouettesfilles.fr\/wp-content\/uploads\/2023\/10\/Flier-LesChouettesFilles-1024x819.png 1024w, https:\/\/leschouettesfilles.fr\/wp-content\/uploads\/2023\/10\/Flier-LesChouettesFilles-300x240.png 300w, https:\/\/leschouettesfilles.fr\/wp-content\/uploads\/2023\/10\/Flier-LesChouettesFilles-768x614.png 768w, https:\/\/leschouettesfilles.fr\/wp-content\/uploads\/2023\/10\/Flier-LesChouettesFilles-1536x1229.png 1536w, https:\/\/leschouettesfilles.fr\/wp-content\/uploads\/2023\/10\/Flier-LesChouettesFilles-416x333.png 416w, https:\/\/leschouettesfilles.fr\/wp-content\/uploads\/2023\/10\/Flier-LesChouettesFilles.png 2000w\" sizes=\"auto, (max-width: 1024px) 100vw, 1024px\" \/><\/a><\/figure>\n<\/div>\n<\/div>\n\n\n\n<hr class=\"wp-block-separator has-alpha-channel-opacity\" \/>\n\n\n\n<h2 class=\"wp-block-heading has-text-align-center\">Fait Main \u00e0 Nantes<\/h2>\n\n\n\n<p>Bienvenue chez les chouettes filles!<\/p>\n\n\n\n<p>Les chouettes filles, \u00e0 l&rsquo;origine, ce sont mes amies, qui chacune \u00e0 leur fa\u00e7on m&rsquo;ont aid\u00e9e pour ce projet qui me tient tant \u00e0 c\u0153ur. Aujourd&rsquo;hui, les chouettes filles, ce sont toutes mes clientes, que j&rsquo;ai plaisir \u00e0 voir et revoir sur les march\u00e9s, \u00e0 conseiller, pour elles ou leurs amies.<\/p>\n\n\n\n<p>Tous les bijoux que je propose ici sont r\u00e9alis\u00e9s par mes soins. J&rsquo;aime particuli\u00e8rement mettre en valeur les chutes de cuirs issus de la maroquinerie fran\u00e7aise (cuir de ch\u00e8vre et de saumon principalement). Impensable pour moi qu&rsquo;un mat\u00e9riau aussi noble et beau puisse \u00eatre jet\u00e9!<\/p>\n\n\n\n<p>Chaque bijou que je con\u00e7ois ne peut \u00eatre produit qu&rsquo;en s\u00e9rie tr\u00e8s limit\u00e9e en fonction de la quantit\u00e9 de chutes dont je dispose. Pour des bijoux plus durables, je travaille essentiellement avec de  l&rsquo;acier inoxydable<\/p>\n\n\n\n<p>Bonne visite !<\/p>\n\n\n\n<hr class=\"wp-block-separator has-alpha-channel-opacity\" \/>\n\n\n\n<h2 class=\"wp-block-heading has-text-align-center\">Les derniers mod\u00e8les de la boutique en ligne<\/h2>\n\n\n<div data-block-name=\"woocommerce\/product-new\" data-content-visibility=\"{&quot;image&quot;:true,&quot;title&quot;:true,&quot;price&quot;:false,&quot;rating&quot;:true,&quot;button&quot;:false}\" data-edit-mode=\"false\" data-rows=\"2\" data-stock-status=\"[&quot;&quot;,&quot;instock&quot;,&quot;outofstock&quot;,&quot;onbackorder&quot;]\" class=\"wc-block-grid wp-block-product-new wp-block-woocommerce-product-new wc-block-product-new has-3-columns has-multiple-rows\"><ul class=\"wc-block-grid__products\"><li class=\"wc-block-grid__product\">\n\t\t\t\t<a href=\"https:\/\/leschouettesfilles.fr\/index.php\/product\/puces-doreilles-printemps\/\" class=\"wc-block-grid__product-link\">\n\t\t\t\t\t\n\t\t\t\t\t<div class=\"wc-block-grid__product-image\"><img loading=\"lazy\" decoding=\"async\" width=\"324\" height=\"324\" src=\"https:\/\/leschouettesfilles.fr\/wp-content\/uploads\/2024\/05\/Puces-Oreilles-Paquerettes-324x324.jpg\" class=\"attachment-woocommerce_thumbnail size-woocommerce_thumbnail\" alt=\"Puces d&#039;oreilles en cuir, forme de paquerette\" srcset=\"https:\/\/leschouettesfilles.fr\/wp-content\/uploads\/2024\/05\/Puces-Oreilles-Paquerettes-324x324.jpg 324w, https:\/\/leschouettesfilles.fr\/wp-content\/uploads\/2024\/05\/Puces-Oreilles-Paquerettes-150x150.jpg 150w, https:\/\/leschouettesfilles.fr\/wp-content\/uploads\/2024\/05\/Puces-Oreilles-Paquerettes-100x100.jpg 100w\" sizes=\"auto, (max-width: 324px) 100vw, 324px\" \/><\/div>\n\t\t\t\t\t<div class=\"wc-block-grid__product-title\">Puces d&rsquo;oreilles #Printemps<\/div>\n\t\t\t\t<\/a>\n\t\t\t\t\n\t\t\t\t\n\t\t\t\t\n\t\t\t<\/li><li class=\"wc-block-grid__product\">\n\t\t\t\t<a href=\"https:\/\/leschouettesfilles.fr\/index.php\/product\/boucles-doreilles-camille\/\" class=\"wc-block-grid__product-link\">\n\t\t\t\t\t\n\t\t\t\t\t<div class=\"wc-block-grid__product-image\"><img loading=\"lazy\" decoding=\"async\" width=\"324\" height=\"324\" src=\"https:\/\/leschouettesfilles.fr\/wp-content\/uploads\/2024\/05\/Boucles-Charlotte-Bleu-Electrique-324x324.jpg\" class=\"attachment-woocommerce_thumbnail size-woocommerce_thumbnail\" alt=\"Boucles d&#039;oreilles en cuir bleu\" srcset=\"https:\/\/leschouettesfilles.fr\/wp-content\/uploads\/2024\/05\/Boucles-Charlotte-Bleu-Electrique-324x324.jpg 324w, https:\/\/leschouettesfilles.fr\/wp-content\/uploads\/2024\/05\/Boucles-Charlotte-Bleu-Electrique-150x150.jpg 150w, https:\/\/leschouettesfilles.fr\/wp-content\/uploads\/2024\/05\/Boucles-Charlotte-Bleu-Electrique-100x100.jpg 100w\" sizes=\"auto, (max-width: 324px) 100vw, 324px\" \/><\/div>\n\t\t\t\t\t<div class=\"wc-block-grid__product-title\">Boucles d&rsquo;oreilles #Camille<\/div>\n\t\t\t\t<\/a>\n\t\t\t\t\n\t\t\t\t\n\t\t\t\t\n\t\t\t<\/li><li class=\"wc-block-grid__product\">\n\t\t\t\t<a href=\"https:\/\/leschouettesfilles.fr\/index.php\/product\/boucles-doreilles-madeleine\/\" class=\"wc-block-grid__product-link\">\n\t\t\t\t\t\n\t\t\t\t\t<div class=\"wc-block-grid__product-image\"><img loading=\"lazy\" decoding=\"async\" width=\"324\" height=\"324\" src=\"https:\/\/leschouettesfilles.fr\/wp-content\/uploads\/2024\/05\/Boucles-Madeleine-Violet-324x324.jpg\" class=\"attachment-woocommerce_thumbnail size-woocommerce_thumbnail\" alt=\"Boucles d&#039;oreilles cuir\" srcset=\"https:\/\/leschouettesfilles.fr\/wp-content\/uploads\/2024\/05\/Boucles-Madeleine-Violet-324x324.jpg 324w, https:\/\/leschouettesfilles.fr\/wp-content\/uploads\/2024\/05\/Boucles-Madeleine-Violet-150x150.jpg 150w, https:\/\/leschouettesfilles.fr\/wp-content\/uploads\/2024\/05\/Boucles-Madeleine-Violet-100x100.jpg 100w\" sizes=\"auto, (max-width: 324px) 100vw, 324px\" \/><\/div>\n\t\t\t\t\t<div class=\"wc-block-grid__product-title\">Boucles d&rsquo;oreilles #Madeleine<\/div>\n\t\t\t\t<\/a>\n\t\t\t\t\n\t\t\t\t\n\t\t\t\t\n\t\t\t<\/li><li class=\"wc-block-grid__product\">\n\t\t\t\t<a href=\"https:\/\/leschouettesfilles.fr\/index.php\/product\/boucles-oreilles-agnes\/\" class=\"wc-block-grid__product-link\">\n\t\t\t\t\t\n\t\t\t\t\t<div class=\"wc-block-grid__product-image\"><img loading=\"lazy\" decoding=\"async\" width=\"324\" height=\"324\" src=\"https:\/\/leschouettesfilles.fr\/wp-content\/uploads\/2024\/05\/Boucles-Agnes-MarronClair-324x324.jpg\" class=\"attachment-woocommerce_thumbnail size-woocommerce_thumbnail\" alt=\"Boucles d&#039;oreilles #Agn\u00e8s\" srcset=\"https:\/\/leschouettesfilles.fr\/wp-content\/uploads\/2024\/05\/Boucles-Agnes-MarronClair-324x324.jpg 324w, https:\/\/leschouettesfilles.fr\/wp-content\/uploads\/2024\/05\/Boucles-Agnes-MarronClair-150x150.jpg 150w, https:\/\/leschouettesfilles.fr\/wp-content\/uploads\/2024\/05\/Boucles-Agnes-MarronClair-100x100.jpg 100w\" sizes=\"auto, (max-width: 324px) 100vw, 324px\" \/><\/div>\n\t\t\t\t\t<div class=\"wc-block-grid__product-title\">Boucles d&rsquo;oreilles #Agn\u00e8s<\/div>\n\t\t\t\t<\/a>\n\t\t\t\t\n\t\t\t\t\n\t\t\t\t\n\t\t\t<\/li><li class=\"wc-block-grid__product\">\n\t\t\t\t<a href=\"https:\/\/leschouettesfilles.fr\/index.php\/product\/boucles-oreilles-chloe\/\" class=\"wc-block-grid__product-link\">\n\t\t\t\t\t\n\t\t\t\t\t<div class=\"wc-block-grid__product-image\"><img loading=\"lazy\" decoding=\"async\" width=\"324\" height=\"324\" src=\"https:\/\/leschouettesfilles.fr\/wp-content\/uploads\/2023\/11\/Chloe-Rose-01-324x324.jpg\" class=\"attachment-woocommerce_thumbnail size-woocommerce_thumbnail\" alt=\"Boucles d&#039;oreilles #Chlo\u00e9\" srcset=\"https:\/\/leschouettesfilles.fr\/wp-content\/uploads\/2023\/11\/Chloe-Rose-01-324x324.jpg 324w, https:\/\/leschouettesfilles.fr\/wp-content\/uploads\/2023\/11\/Chloe-Rose-01-150x150.jpg 150w, https:\/\/leschouettesfilles.fr\/wp-content\/uploads\/2023\/11\/Chloe-Rose-01-100x100.jpg 100w\" sizes=\"auto, (max-width: 324px) 100vw, 324px\" \/><\/div>\n\t\t\t\t\t<div class=\"wc-block-grid__product-title\">Boucles d&rsquo;oreilles #Chlo\u00e9<\/div>\n\t\t\t\t<\/a>\n\t\t\t\t\n\t\t\t\t\n\t\t\t\t\n\t\t\t<\/li><li class=\"wc-block-grid__product\">\n\t\t\t\t<a href=\"https:\/\/leschouettesfilles.fr\/index.php\/product\/bracelet-manchette-fin-dore-et-cuir\/\" class=\"wc-block-grid__product-link\">\n\t\t\t\t\t\n\t\t\t\t\t<div class=\"wc-block-grid__product-image\"><img loading=\"lazy\" decoding=\"async\" width=\"324\" height=\"324\" src=\"https:\/\/leschouettesfilles.fr\/wp-content\/uploads\/2024\/01\/Bracelet-dore-cuir-bleu-canard-324x324.jpg\" class=\"attachment-woocommerce_thumbnail size-woocommerce_thumbnail\" alt=\"Bracelet manchette fin dor\u00e9 et cuir\" srcset=\"https:\/\/leschouettesfilles.fr\/wp-content\/uploads\/2024\/01\/Bracelet-dore-cuir-bleu-canard-324x324.jpg 324w, https:\/\/leschouettesfilles.fr\/wp-content\/uploads\/2024\/01\/Bracelet-dore-cuir-bleu-canard-150x150.jpg 150w, https:\/\/leschouettesfilles.fr\/wp-content\/uploads\/2024\/01\/Bracelet-dore-cuir-bleu-canard-100x100.jpg 100w\" sizes=\"auto, (max-width: 324px) 100vw, 324px\" \/><\/div>\n\t\t\t\t\t<div class=\"wc-block-grid__product-title\">Bracelet manchette fin dor\u00e9 et cuir<\/div>\n\t\t\t\t<\/a>\n\t\t\t\t\n\t\t\t\t\n\t\t\t\t\n\t\t\t<\/li><\/ul><\/div>\n\n\n<div class=\"wp-block-buttons is-content-justification-center is-layout-flex wp-container-core-buttons-is-layout-16018d1d wp-block-buttons-is-layout-flex\">\n<div class=\"wp-block-button\"><a class=\"wp-block-button__link wp-element-button\" href=\"https:\/\/leschouettesfilles.fr\/index.php\/shop\/\">Boutique<\/a><\/div>\n<\/div>\n\n\n\n<hr class=\"wp-block-separator has-alpha-channel-opacity\" \/>\n\n\n\n<h2 class=\"wp-block-heading has-text-align-center\">Faites-moi part de vos envies !<\/h2>\n\n\n\n<div class=\"wp-block-cover aligncenter is-light has-custom-content-position is-position-top-center has-normal-font-size\"><span aria-hidden=\"true\" class=\"wp-block-cover__background has-vivid-green-cyan-background-color has-background-dim-100 has-background-dim\"><\/span><div class=\"wp-block-cover__inner-container is-layout-constrained wp-block-cover-is-layout-constrained\">\n<p class=\"has-text-align-center has-large-font-size\">Mes cr\u00e9ations sont modifiables et personnalisables<\/p>\n\n\n\n<p>Je pr\u00e9f\u00e8re cr\u00e9er des nouveaux mod\u00e8les que d&rsquo;en fabriquer en s\u00e9rie, aussi n&rsquo;h\u00e9sitez pas \u00e0 m&rsquo;\u00e9crire pour tout besoin particulier :  <\/p>\n\n\n\n<p><strong>Il n&rsquo;y a plus d&rsquo;exemplaires disponibles du bijou que vous aviez rep\u00e9r\u00e9 dans la boutique en ligne ?<\/strong> <em>Je peux certainement vous en proposer un nouveau similaire.<\/em><\/p>\n\n\n\n<p><strong>Vous souhaitez personnaliser un mod\u00e8le de bijou vu dans notre boutique en ligne (ex : syst\u00e8me d&rsquo;accroche \u00e0 clips si vous n&rsquo;avez pas les oreilles perc\u00e9es, argent\u00e9 plut\u00f4t que dor\u00e9,&#8230;.) ? <\/strong><em>Je peux interchanger, personnaliser des \u00e9l\u00e9ments du bijou.<\/em><\/p>\n\n\n\n<div class=\"wp-block-buttons is-content-justification-center is-layout-flex wp-container-core-buttons-is-layout-16018d1d wp-block-buttons-is-layout-flex\">\n<div class=\"wp-block-button\"><a class=\"wp-block-button__link wp-element-button\" href=\"https:\/\/leschouettesfilles.fr\/index.php\/contact\/\">Me Contacter<\/a><\/div>\n<\/div>\n<\/div><\/div>\n","protected":false},"excerpt":{"rendered":"<p>Fait Main \u00e0 Nantes Bienvenue chez les chouettes filles! Les chouettes filles, \u00e0 l&rsquo;origine, ce sont mes amies, qui chacune \u00e0 leur fa\u00e7on m&rsquo;ont aid\u00e9e pour ce projet qui me tient tant \u00e0 c\u0153ur. Aujourd&rsquo;hui, les chouettes filles, ce sont toutes mes clientes, que j&rsquo;ai plaisir \u00e0 voir et revoir sur les march\u00e9s, \u00e0 conseiller, [&hellip;]<\/p>\n","protected":false},"author":1,"featured_media":0,"parent":0,"menu_order":0,"comment_status":"closed","ping_status":"closed","template":"template-fullwidth.php","meta":{"footnotes":""},"class_list":["post-74","page","type-page","status-publish","hentry"],"yoast_head":"<!-- This site is optimized with the Yoast SEO plugin v27.3 - https:\/\/yoast.com\/product\/yoast-seo-wordpress\/ -->\n<title>Page d&#039;accueil - Les Chouettes Filles<\/title>\n<meta name=\"description\" content=\"Cr\u00e9atrice nantaise de bijoux fantaisie en cuir recycl\u00e9 issu de la maroquinerie fran\u00e7aise : boucles d&#039;oreilles, bracelets et barettes.\" \/>\n<meta name=\"robots\" content=\"index, follow, max-snippet:-1, max-image-preview:large, max-video-preview:-1\" \/>\n<link rel=\"canonical\" href=\"https:\/\/leschouettesfilles.fr\/\" \/>\n<meta property=\"og:locale\" content=\"fr_FR\" \/>\n<meta property=\"og:type\" content=\"article\" \/>\n<meta property=\"og:title\" content=\"Page d&#039;accueil - Les Chouettes Filles\" \/>\n<meta property=\"og:description\" content=\"Cr\u00e9atrice nantaise de bijoux fantaisie en cuir recycl\u00e9 issu de la maroquinerie fran\u00e7aise : boucles d&#039;oreilles, bracelets et barettes.\" \/>\n<meta property=\"og:url\" content=\"https:\/\/leschouettesfilles.fr\/\" \/>\n<meta property=\"og:site_name\" content=\"Les Chouettes Filles\" \/>\n<meta property=\"article:modified_time\" content=\"2024-03-26T21:13:18+00:00\" \/>\n<meta property=\"og:image\" content=\"https:\/\/leschouettesfilles.fr\/wp-content\/uploads\/2023\/10\/Flier-LesChouettesFilles-1024x819.png\" \/>\n<meta name=\"twitter:card\" content=\"summary_large_image\" \/>\n<meta name=\"twitter:label1\" content=\"Dur\u00e9e de lecture estim\u00e9e\" \/>\n\t<meta name=\"twitter:data1\" content=\"2 minutes\" \/>\n<script type=\"application\/ld+json\" class=\"yoast-schema-graph\">{\"@context\":\"https:\\\/\\\/schema.org\",\"@graph\":[{\"@type\":\"WebPage\",\"@id\":\"https:\\\/\\\/leschouettesfilles.fr\\\/\",\"url\":\"https:\\\/\\\/leschouettesfilles.fr\\\/\",\"name\":\"Page d'accueil - Les Chouettes Filles\",\"isPartOf\":{\"@id\":\"https:\\\/\\\/leschouettesfilles.fr\\\/#website\"},\"primaryImageOfPage\":{\"@id\":\"https:\\\/\\\/leschouettesfilles.fr\\\/#primaryimage\"},\"image\":{\"@id\":\"https:\\\/\\\/leschouettesfilles.fr\\\/#primaryimage\"},\"thumbnailUrl\":\"https:\\\/\\\/leschouettesfilles.fr\\\/wp-content\\\/uploads\\\/2023\\\/10\\\/Flier-LesChouettesFilles-1024x819.png\",\"datePublished\":\"2023-09-21T20:03:43+00:00\",\"dateModified\":\"2024-03-26T21:13:18+00:00\",\"description\":\"Cr\u00e9atrice nantaise de bijoux fantaisie en cuir recycl\u00e9 issu de la maroquinerie fran\u00e7aise : boucles d'oreilles, bracelets et barettes.\",\"breadcrumb\":{\"@id\":\"https:\\\/\\\/leschouettesfilles.fr\\\/#breadcrumb\"},\"inLanguage\":\"fr-FR\",\"potentialAction\":[{\"@type\":\"ReadAction\",\"target\":[\"https:\\\/\\\/leschouettesfilles.fr\\\/\"]}]},{\"@type\":\"ImageObject\",\"inLanguage\":\"fr-FR\",\"@id\":\"https:\\\/\\\/leschouettesfilles.fr\\\/#primaryimage\",\"url\":\"https:\\\/\\\/leschouettesfilles.fr\\\/wp-content\\\/uploads\\\/2023\\\/10\\\/Flier-LesChouettesFilles.png\",\"contentUrl\":\"https:\\\/\\\/leschouettesfilles.fr\\\/wp-content\\\/uploads\\\/2023\\\/10\\\/Flier-LesChouettesFilles.png\",\"width\":2000,\"height\":1600},{\"@type\":\"BreadcrumbList\",\"@id\":\"https:\\\/\\\/leschouettesfilles.fr\\\/#breadcrumb\",\"itemListElement\":[{\"@type\":\"ListItem\",\"position\":1,\"name\":\"Accueil\",\"item\":\"https:\\\/\\\/leschouettesfilles.fr\\\/\"},{\"@type\":\"ListItem\",\"position\":2,\"name\":\"Page d&rsquo;accueil\"}]},{\"@type\":\"WebSite\",\"@id\":\"https:\\\/\\\/leschouettesfilles.fr\\\/#website\",\"url\":\"https:\\\/\\\/leschouettesfilles.fr\\\/\",\"name\":\"Les Chouettes Filles\",\"description\":\"Cr\u00e9ations nantaises de bijoux Fantaisie en cuir upcycl\u00e9\",\"publisher\":{\"@id\":\"https:\\\/\\\/leschouettesfilles.fr\\\/#organization\"},\"potentialAction\":[{\"@type\":\"SearchAction\",\"target\":{\"@type\":\"EntryPoint\",\"urlTemplate\":\"https:\\\/\\\/leschouettesfilles.fr\\\/?s={search_term_string}\"},\"query-input\":{\"@type\":\"PropertyValueSpecification\",\"valueRequired\":true,\"valueName\":\"search_term_string\"}}],\"inLanguage\":\"fr-FR\"},{\"@type\":\"Organization\",\"@id\":\"https:\\\/\\\/leschouettesfilles.fr\\\/#organization\",\"name\":\"Les Chouettes Filles\",\"url\":\"https:\\\/\\\/leschouettesfilles.fr\\\/\",\"logo\":{\"@type\":\"ImageObject\",\"inLanguage\":\"fr-FR\",\"@id\":\"https:\\\/\\\/leschouettesfilles.fr\\\/#\\\/schema\\\/logo\\\/image\\\/\",\"url\":\"https:\\\/\\\/leschouettesfilles.fr\\\/wp-content\\\/uploads\\\/2023\\\/09\\\/ICONE-ChouettesFilles.png\",\"contentUrl\":\"https:\\\/\\\/leschouettesfilles.fr\\\/wp-content\\\/uploads\\\/2023\\\/09\\\/ICONE-ChouettesFilles.png\",\"width\":512,\"height\":512,\"caption\":\"Les Chouettes Filles\"},\"image\":{\"@id\":\"https:\\\/\\\/leschouettesfilles.fr\\\/#\\\/schema\\\/logo\\\/image\\\/\"},\"sameAs\":[\"https:\\\/\\\/www.instagram.com\\\/les_chouettes_filles\\\/\"]}]}<\/script>\n<!-- \/ Yoast SEO plugin. -->","yoast_head_json":{"title":"Page d'accueil - Les Chouettes Filles","description":"Cr\u00e9atrice nantaise de bijoux fantaisie en cuir recycl\u00e9 issu de la maroquinerie fran\u00e7aise : boucles d'oreilles, bracelets et barettes.","robots":{"index":"index","follow":"follow","max-snippet":"max-snippet:-1","max-image-preview":"max-image-preview:large","max-video-preview":"max-video-preview:-1"},"canonical":"https:\/\/leschouettesfilles.fr\/","og_locale":"fr_FR","og_type":"article","og_title":"Page d'accueil - Les Chouettes Filles","og_description":"Cr\u00e9atrice nantaise de bijoux fantaisie en cuir recycl\u00e9 issu de la maroquinerie fran\u00e7aise : boucles d'oreilles, bracelets et barettes.","og_url":"https:\/\/leschouettesfilles.fr\/","og_site_name":"Les Chouettes Filles","article_modified_time":"2024-03-26T21:13:18+00:00","og_image":[{"url":"https:\/\/leschouettesfilles.fr\/wp-content\/uploads\/2023\/10\/Flier-LesChouettesFilles-1024x819.png","type":"","width":"","height":""}],"twitter_card":"summary_large_image","twitter_misc":{"Dur\u00e9e de lecture estim\u00e9e":"2 minutes"},"schema":{"@context":"https:\/\/schema.org","@graph":[{"@type":"WebPage","@id":"https:\/\/leschouettesfilles.fr\/","url":"https:\/\/leschouettesfilles.fr\/","name":"Page d'accueil - Les Chouettes Filles","isPartOf":{"@id":"https:\/\/leschouettesfilles.fr\/#website"},"primaryImageOfPage":{"@id":"https:\/\/leschouettesfilles.fr\/#primaryimage"},"image":{"@id":"https:\/\/leschouettesfilles.fr\/#primaryimage"},"thumbnailUrl":"https:\/\/leschouettesfilles.fr\/wp-content\/uploads\/2023\/10\/Flier-LesChouettesFilles-1024x819.png","datePublished":"2023-09-21T20:03:43+00:00","dateModified":"2024-03-26T21:13:18+00:00","description":"Cr\u00e9atrice nantaise de bijoux fantaisie en cuir recycl\u00e9 issu de la maroquinerie fran\u00e7aise : boucles d'oreilles, bracelets et barettes.","breadcrumb":{"@id":"https:\/\/leschouettesfilles.fr\/#breadcrumb"},"inLanguage":"fr-FR","potentialAction":[{"@type":"ReadAction","target":["https:\/\/leschouettesfilles.fr\/"]}]},{"@type":"ImageObject","inLanguage":"fr-FR","@id":"https:\/\/leschouettesfilles.fr\/#primaryimage","url":"https:\/\/leschouettesfilles.fr\/wp-content\/uploads\/2023\/10\/Flier-LesChouettesFilles.png","contentUrl":"https:\/\/leschouettesfilles.fr\/wp-content\/uploads\/2023\/10\/Flier-LesChouettesFilles.png","width":2000,"height":1600},{"@type":"BreadcrumbList","@id":"https:\/\/leschouettesfilles.fr\/#breadcrumb","itemListElement":[{"@type":"ListItem","position":1,"name":"Accueil","item":"https:\/\/leschouettesfilles.fr\/"},{"@type":"ListItem","position":2,"name":"Page d&rsquo;accueil"}]},{"@type":"WebSite","@id":"https:\/\/leschouettesfilles.fr\/#website","url":"https:\/\/leschouettesfilles.fr\/","name":"Les Chouettes Filles","description":"Cr\u00e9ations nantaises de bijoux Fantaisie en cuir upcycl\u00e9","publisher":{"@id":"https:\/\/leschouettesfilles.fr\/#organization"},"potentialAction":[{"@type":"SearchAction","target":{"@type":"EntryPoint","urlTemplate":"https:\/\/leschouettesfilles.fr\/?s={search_term_string}"},"query-input":{"@type":"PropertyValueSpecification","valueRequired":true,"valueName":"search_term_string"}}],"inLanguage":"fr-FR"},{"@type":"Organization","@id":"https:\/\/leschouettesfilles.fr\/#organization","name":"Les Chouettes Filles","url":"https:\/\/leschouettesfilles.fr\/","logo":{"@type":"ImageObject","inLanguage":"fr-FR","@id":"https:\/\/leschouettesfilles.fr\/#\/schema\/logo\/image\/","url":"https:\/\/leschouettesfilles.fr\/wp-content\/uploads\/2023\/09\/ICONE-ChouettesFilles.png","contentUrl":"https:\/\/leschouettesfilles.fr\/wp-content\/uploads\/2023\/09\/ICONE-ChouettesFilles.png","width":512,"height":512,"caption":"Les Chouettes Filles"},"image":{"@id":"https:\/\/leschouettesfilles.fr\/#\/schema\/logo\/image\/"},"sameAs":["https:\/\/www.instagram.com\/les_chouettes_filles\/"]}]}},"_links":{"self":[{"href":"https:\/\/leschouettesfilles.fr\/index.php\/wp-json\/wp\/v2\/pages\/74","targetHints":{"allow":["GET"]}}],"collection":[{"href":"https:\/\/leschouettesfilles.fr\/index.php\/wp-json\/wp\/v2\/pages"}],"about":[{"href":"https:\/\/leschouettesfilles.fr\/index.php\/wp-json\/wp\/v2\/types\/page"}],"author":[{"embeddable":true,"href":"https:\/\/leschouettesfilles.fr\/index.php\/wp-json\/wp\/v2\/users\/1"}],"replies":[{"embeddable":true,"href":"https:\/\/leschouettesfilles.fr\/index.php\/wp-json\/wp\/v2\/comments?post=74"}],"version-history":[{"count":44,"href":"https:\/\/leschouettesfilles.fr\/index.php\/wp-json\/wp\/v2\/pages\/74\/revisions"}],"predecessor-version":[{"id":443,"href":"https:\/\/leschouettesfilles.fr\/index.php\/wp-json\/wp\/v2\/pages\/74\/revisions\/443"}],"wp:attachment":[{"href":"https:\/\/leschouettesfilles.fr\/index.php\/wp-json\/wp\/v2\/media?parent=74"}],"curies":[{"name":"wp","href":"https:\/\/api.w.org\/{rel}","templated":true}]}}