{"id":3,"date":"2023-08-05T21:47:37","date_gmt":"2023-08-05T19:47:37","guid":{"rendered":"http:\/\/leschouettesfilles.fr\/?page_id=3"},"modified":"2023-11-13T13:57:46","modified_gmt":"2023-11-13T12:57:46","slug":"politique-de-confidentialite","status":"publish","type":"page","link":"https:\/\/leschouettesfilles.fr\/index.php\/politique-de-confidentialite\/","title":{"rendered":"Politique de confidentialit\u00e9"},"content":{"rendered":"\n<h3 class=\"wp-block-heading\"><strong>Collecte des donn\u00e9es \u00e0 caract\u00e8re personnel<\/strong><\/h3>\n\n\n\n<p>Les donn\u00e9es \u00e0 caract\u00e8re personnel qui sont collect\u00e9es sur le site <a href=\"https:\/\/leschouettesfilles.fr\">https:\/\/leschouettesfilles.fr<\/a> sont n\u00e9cessaires \u00e0 la vente des Produits et \u00e0 leur d\u00e9livrance \/ livraison, confi\u00e9es au Vendeur. Ces donn\u00e9es \u00e0 caract\u00e8re personnel sont r\u00e9colt\u00e9es uniquement pour l\u2019ex\u00e9cution du contrat de vente. Les donn\u00e9es collect\u00e9es sont les suivantes :<\/p>\n\n\n\n<p><strong>Commande de Produits :<\/strong><\/p>\n\n\n\n<p>Lors de la commande de Produits par le Client :  <\/p>\n\n\n\n<ul class=\"wp-block-list\">\n<li>Donn\u00e9es de facturation : Nom, pr\u00e9nom, adresse postale, num\u00e9ro de t\u00e9l\u00e9phone (facultatif) et adresse e-mail.<\/li>\n\n\n\n<li>Donn\u00e9es d&rsquo;exp\u00e9dition (si diff\u00e9rentes de celles de facturation) : Nom, pr\u00e9nom, adresse postale, num\u00e9ro de t\u00e9l\u00e9phone (facultatif) et adresse e-mail.<\/li>\n<\/ul>\n\n\n\n<p>Le num\u00e9ro de t\u00e9l\u00e9phone doit \u00eatre renseign\u00e9 par le Client pour les demandes d&rsquo;exp\u00e9dition en Colissimo pour le suivi de colis. <\/p>\n\n\n\n<p><strong>Paiement<\/strong><\/p>\n\n\n\n<p>Dans le cadre du paiement des Produits propos\u00e9s sur le site <a href=\"https:\/\/leschouettesfilles.fr\">https:\/\/leschouettesfilles.fr<\/a>, les donn\u00e9es financi\u00e8res relatives au compte bancaire ou \u00e0 la carte de cr\u00e9dit du Client sont saisies dans des champs de formulaire prot\u00e9g\u00e9s par le partenaire de paiement <a href=\"https:\/\/stripe.com\/fr\" data-type=\"link\" data-id=\"https:\/\/stripe.com\/fr\">STRIPE<\/a>. Elles ne sont en aucun cas transmises au serveur h\u00e9bergeant le site https:\/\/leschouettesfilles.fr.<\/p>\n\n\n\n<p><strong>R\u00e9initialisation du mot de passe<\/strong><\/p>\n\n\n\n<p>Si le Client demande une r\u00e9initialisation de son mot de passe, son adresse IP est incluse dans l\u2019e-mail de r\u00e9initialisation.<\/p>\n\n\n\n<p><strong>Lutte contre la Fraude<\/strong><\/p>\n\n\n\n<p>Nous enregistrons votre adresse IP avec les donn\u00e9es de commande. <\/p>\n\n\n\n<h3 class=\"wp-block-heading\"><strong>Destinataires des donn\u00e9es \u00e0 caract\u00e8re personnel<\/strong><\/h3>\n\n\n\n<p>Les donn\u00e9es \u00e0 caract\u00e8re personnel sont r\u00e9serv\u00e9es \u00e0 l\u2019usage unique du Vendeur et de ses salari\u00e9s.<\/p>\n\n\n\n<h3 class=\"wp-block-heading\"><strong>Responsable de traitement<\/strong><\/h3>\n\n\n\n<p>Le responsable de traitement des donn\u00e9es est le Vendeur tel que pr\u00e9sent\u00e9 dans les Conditions G\u00e9n\u00e9rales de Ventes publi\u00e9es sur ce site, au sens de la loi Informatique et libert\u00e9s et \u00e0 compter du 25 mai 2018 du R\u00e8glement 2016\/679 sur la protection des donn\u00e9es \u00e0 caract\u00e8re personnel. <\/p>\n\n\n\n<p>Les coordonn\u00e9es du Responsable de Traitement sont les suivantes :<\/p>\n\n\n\n<p>Entreprise Individuelle \u00ab\u00a0La Renarde\u00a0\u00bb, 4 rue Paul Gauguin &#8211; 44100 NANTES, Email : <a href=\"mailto:agnes@leschouettesfilles.fr\">agnes@leschouettesfilles.fr<\/a><\/p>\n\n\n\n<h3 class=\"wp-block-heading\"><strong>Limitation du traitement<\/strong><\/h3>\n\n\n\n<p>Sauf si le Client exprime son accord expr\u00e8s, ses donn\u00e9es \u00e0 caract\u00e8re personnel ne sont pas utilis\u00e9es \u00e0 des fins publicitaires ou marketing.<\/p>\n\n\n\n<h3 class=\"wp-block-heading\"><strong>Dur\u00e9e de conservation des donn\u00e9es<\/strong><\/h3>\n\n\n\n<p>Le Vendeur conservera les donn\u00e9es ainsi recueillies pendant un d\u00e9lai de 5 ans, couvrant le temps de la prescription de la responsabilit\u00e9 civile contractuelle applicable.<\/p>\n\n\n\n<h3 class=\"wp-block-heading\"><strong>S\u00e9curit\u00e9 et confidentialit\u00e9<\/strong><\/h3>\n\n\n\n<p>Le Vendeur met en \u0153uvre des mesures organisationnelles, techniques, logicielles et physiques en mati\u00e8re de s\u00e9curit\u00e9 du num\u00e9rique pour prot\u00e9ger les donn\u00e9es personnelles contre les alt\u00e9rations, destructions et acc\u00e8s non autoris\u00e9s. Toutefois il est \u00e0 signaler qu\u2019Internet n\u2019est pas un environnement compl\u00e8tement s\u00e9curis\u00e9 et le Vendeur ne peut garantir la s\u00e9curit\u00e9 de la transmission ou du stockage des informations sur Internet.<\/p>\n\n\n\n<h3 class=\"wp-block-heading\"><strong>Mise en \u0153uvre des droits des Clients et utilisateurs<\/strong><\/h3>\n\n\n\n<p>En application de la r\u00e8glementation applicable aux donn\u00e9es \u00e0 caract\u00e8re personnel, les Clients et utilisateurs du site <a href=\"https:\/\/leschouettesfilles.fr\">https:\/\/leschouettesfilles.fr<\/a> disposent des droits suivants :<\/p>\n\n\n\n<ul class=\"wp-block-list\">\n<li>Ils peuvent mettre \u00e0 jour ou supprimer les donn\u00e9es qui les concernent de la mani\u00e8re suivante : en adressant une demande au vendeur \u00e0 l&rsquo;adresse <a href=\"mailto:agnes@leschouettesfilles.fr\">agnes@leschouettesfilles.fr<\/a>.<\/li>\n\n\n\n<li>Ils peuvent supprimer leur compte en \u00e9crivant \u00e0 l\u2019adresse \u00e9lectronique indiqu\u00e9e ci-dessus,<\/li>\n\n\n\n<li>Ils peuvent exercer leur droit d\u2019acc\u00e8s pour conna\u00eetre les donn\u00e9es personnelles les concernant en \u00e9crivant \u00e0 l\u2019adresse \u00e9lectronique indiqu\u00e9e ci-dessus,<\/li>\n\n\n\n<li>Si les donn\u00e9es \u00e0 caract\u00e8re personnel d\u00e9tenues par le Vendeur sont inexactes, ils peuvent demander la mise \u00e0 jour des informations des informations en \u00e9crivant \u00e0 l\u2019adresse \u00e9lectronique indiqu\u00e9e ci-dessus,<\/li>\n\n\n\n<li>Ils peuvent demander la suppression de leurs donn\u00e9es \u00e0 caract\u00e8re personnel, conform\u00e9ment aux lois applicables en mati\u00e8re de protection des donn\u00e9es en \u00e9crivant \u00e0 l\u2019adresse \u00e9lectronique indiqu\u00e9e ci-dessus,<\/li>\n\n\n\n<li>Ils peuvent \u00e9galement solliciter la portabilit\u00e9 des donn\u00e9es d\u00e9tenues par le Vendeur vers un autre prestataire,<\/li>\n\n\n\n<li>Enfin, ils peuvent s\u2019opposer au traitement de leurs donn\u00e9es par le Vendeur.<\/li>\n<\/ul>\n\n\n\n<p>Ces droits, d\u00e8s lors qu\u2019ils ne s\u2019opposent pas \u00e0 la finalit\u00e9 du traitement, peuvent \u00eatre exerc\u00e9s en adressant une demande par courrier ou par E-mail au Responsable de traitement dont les coordonn\u00e9es sont indiqu\u00e9es ci-dessus.<\/p>\n\n\n\n<p>Le responsable de traitement doit apporter une r\u00e9ponse dans un d\u00e9lai maximum d\u2019un mois.<\/p>\n\n\n\n<p>En cas de refus de faire droit \u00e0 la demande du Client, celui-ci doit \u00eatre motiv\u00e9.<\/p>\n\n\n\n<p>Le Client est inform\u00e9 qu\u2019en cas de refus, il peut introduire une r\u00e9clamation aupr\u00e8s de la CNIL (3 place de Fontenoy, 75007 PARIS) ou saisir une autorit\u00e9 judiciaire.<\/p>\n\n\n\n<p>Le Client peut \u00eatre invit\u00e9 \u00e0 cocher une case au titre de laquelle il accepte de recevoir des mails \u00e0 caract\u00e8re informatifs et publicitaires de la part du Vendeur. Il aura toujours la possibilit\u00e9 de retirer son accord \u00e0 tout moment en contactant le Vendeur ou en suivant le lien de d\u00e9sabonnement.<\/p>\n\n\n\n<h2 class=\"wp-block-heading\">Cookies<\/h2>\n\n\n\n<p>Lorsque le client se rend sur la page de connexion \u00e0 son compte client, un cookie temporaire est cr\u00e9\u00e9 afin de d\u00e9terminer si son navigateur accepte les cookies. Il ne contient pas de donn\u00e9es personnelles et est supprim\u00e9 automatiquement \u00e0 la fermeture du navigateur.<\/p>\n\n\n\n<p>Une fois le Client connect\u00e9 \u00e0 son espace, un certain nombre de cookies pour enregistrer ses informations de connexion et pr\u00e9f\u00e9rences d&rsquo;\u00e9cran sont mis en place. La dur\u00e9e de vie d\u2019un cookie de connexion est de deux jours, celle d\u2019un cookie d\u2019option d\u2019\u00e9cran est d\u2019un an. Si la case \u00ab&nbsp;Se souvenir de moi&nbsp;\u00bb est coch\u00e9e, le cookie de connexion sera conserv\u00e9 pendant deux semaines. Si le Client se d\u00e9connecte de son compte, le cookie de connexion est effac\u00e9.<\/p>\n\n\n\n<p><\/p>\n\n\n\n<h2 class=\"wp-block-heading\">Utilisation et transmission des donn\u00e9es personnelles<\/h2>\n\n\n\n<p>Nous utilisons STRIPE comme partenaire de paiement pour les paiements bancaires et Google Pay. STRIPE collecte un certain nombre de donn\u00e9es personnelles lors des op\u00e9rations de paiement, selon leur <a href=\"https:\/\/stripe.com\/fr\/privacy#1-les-donn-es-personnelles-que-nous-collectons-et-comment-nous-les-utilisons-et-les-partageons\" data-type=\"link\" data-id=\"https:\/\/stripe.com\/fr\/privacy#1-les-donn-es-personnelles-que-nous-collectons-et-comment-nous-les-utilisons-et-les-partageons\">politique de confidentialit\u00e9<\/a>. Elles sont n\u00e9cessaires pour proc\u00e9der au paiement et r\u00e9aliser la lutte anti-fraude. Parmi les donn\u00e9es collect\u00e9es par Stripe figurent : Nom, Pr\u00e9nom, adresse email, adresse de facturation, montant et historiques des transactions avec le statut de paiement.<\/p>\n\n\n\n<p><\/p>\n\n\n\n<p><\/p>\n","protected":false},"excerpt":{"rendered":"<p>Collecte des donn\u00e9es \u00e0 caract\u00e8re personnel Les donn\u00e9es \u00e0 caract\u00e8re personnel qui sont collect\u00e9es sur le site https:\/\/leschouettesfilles.fr sont n\u00e9cessaires \u00e0 la vente des Produits et \u00e0 leur d\u00e9livrance \/ livraison, confi\u00e9es au Vendeur. Ces donn\u00e9es \u00e0 caract\u00e8re personnel sont r\u00e9colt\u00e9es uniquement pour l\u2019ex\u00e9cution du contrat de vente. Les donn\u00e9es collect\u00e9es sont les suivantes : [&hellip;]<\/p>\n","protected":false},"author":2,"featured_media":0,"parent":0,"menu_order":0,"comment_status":"closed","ping_status":"open","template":"","meta":{"footnotes":""},"class_list":["post-3","page","type-page","status-publish","hentry"],"yoast_head":"<!-- This site is optimized with the Yoast SEO plugin v27.3 - https:\/\/yoast.com\/product\/yoast-seo-wordpress\/ -->\n<title>Politique de confidentialit\u00e9 - Les Chouettes Filles<\/title>\n<meta name=\"robots\" content=\"index, follow, max-snippet:-1, max-image-preview:large, max-video-preview:-1\" \/>\n<link rel=\"canonical\" href=\"https:\/\/leschouettesfilles.fr\/index.php\/politique-de-confidentialite\/\" \/>\n<meta property=\"og:locale\" content=\"fr_FR\" \/>\n<meta property=\"og:type\" content=\"article\" \/>\n<meta property=\"og:title\" content=\"Politique de confidentialit\u00e9 - Les Chouettes Filles\" \/>\n<meta property=\"og:description\" content=\"Collecte des donn\u00e9es \u00e0 caract\u00e8re personnel Les donn\u00e9es \u00e0 caract\u00e8re personnel qui sont collect\u00e9es sur le site https:\/\/leschouettesfilles.fr sont n\u00e9cessaires \u00e0 la vente des Produits et \u00e0 leur d\u00e9livrance \/ livraison, confi\u00e9es au Vendeur. Ces donn\u00e9es \u00e0 caract\u00e8re personnel sont r\u00e9colt\u00e9es uniquement pour l\u2019ex\u00e9cution du contrat de vente. Les donn\u00e9es collect\u00e9es sont les suivantes : [&hellip;]\" \/>\n<meta property=\"og:url\" content=\"https:\/\/leschouettesfilles.fr\/index.php\/politique-de-confidentialite\/\" \/>\n<meta property=\"og:site_name\" content=\"Les Chouettes Filles\" \/>\n<meta property=\"article:modified_time\" content=\"2023-11-13T12:57:46+00:00\" \/>\n<meta name=\"twitter:card\" content=\"summary_large_image\" \/>\n<meta name=\"twitter:label1\" content=\"Dur\u00e9e de lecture estim\u00e9e\" \/>\n\t<meta name=\"twitter:data1\" content=\"5 minutes\" \/>\n<script type=\"application\/ld+json\" class=\"yoast-schema-graph\">{\"@context\":\"https:\\\/\\\/schema.org\",\"@graph\":[{\"@type\":\"WebPage\",\"@id\":\"https:\\\/\\\/leschouettesfilles.fr\\\/index.php\\\/politique-de-confidentialite\\\/\",\"url\":\"https:\\\/\\\/leschouettesfilles.fr\\\/index.php\\\/politique-de-confidentialite\\\/\",\"name\":\"Politique de confidentialit\u00e9 - Les Chouettes Filles\",\"isPartOf\":{\"@id\":\"https:\\\/\\\/leschouettesfilles.fr\\\/#website\"},\"datePublished\":\"2023-08-05T19:47:37+00:00\",\"dateModified\":\"2023-11-13T12:57:46+00:00\",\"breadcrumb\":{\"@id\":\"https:\\\/\\\/leschouettesfilles.fr\\\/index.php\\\/politique-de-confidentialite\\\/#breadcrumb\"},\"inLanguage\":\"fr-FR\",\"potentialAction\":[{\"@type\":\"ReadAction\",\"target\":[\"https:\\\/\\\/leschouettesfilles.fr\\\/index.php\\\/politique-de-confidentialite\\\/\"]}]},{\"@type\":\"BreadcrumbList\",\"@id\":\"https:\\\/\\\/leschouettesfilles.fr\\\/index.php\\\/politique-de-confidentialite\\\/#breadcrumb\",\"itemListElement\":[{\"@type\":\"ListItem\",\"position\":1,\"name\":\"Accueil\",\"item\":\"https:\\\/\\\/leschouettesfilles.fr\\\/\"},{\"@type\":\"ListItem\",\"position\":2,\"name\":\"Politique de confidentialit\u00e9\"}]},{\"@type\":\"WebSite\",\"@id\":\"https:\\\/\\\/leschouettesfilles.fr\\\/#website\",\"url\":\"https:\\\/\\\/leschouettesfilles.fr\\\/\",\"name\":\"Les Chouettes Filles\",\"description\":\"Cr\u00e9ations nantaises de bijoux Fantaisie en cuir upcycl\u00e9\",\"publisher\":{\"@id\":\"https:\\\/\\\/leschouettesfilles.fr\\\/#organization\"},\"potentialAction\":[{\"@type\":\"SearchAction\",\"target\":{\"@type\":\"EntryPoint\",\"urlTemplate\":\"https:\\\/\\\/leschouettesfilles.fr\\\/?s={search_term_string}\"},\"query-input\":{\"@type\":\"PropertyValueSpecification\",\"valueRequired\":true,\"valueName\":\"search_term_string\"}}],\"inLanguage\":\"fr-FR\"},{\"@type\":\"Organization\",\"@id\":\"https:\\\/\\\/leschouettesfilles.fr\\\/#organization\",\"name\":\"Les Chouettes Filles\",\"url\":\"https:\\\/\\\/leschouettesfilles.fr\\\/\",\"logo\":{\"@type\":\"ImageObject\",\"inLanguage\":\"fr-FR\",\"@id\":\"https:\\\/\\\/leschouettesfilles.fr\\\/#\\\/schema\\\/logo\\\/image\\\/\",\"url\":\"https:\\\/\\\/leschouettesfilles.fr\\\/wp-content\\\/uploads\\\/2023\\\/09\\\/ICONE-ChouettesFilles.png\",\"contentUrl\":\"https:\\\/\\\/leschouettesfilles.fr\\\/wp-content\\\/uploads\\\/2023\\\/09\\\/ICONE-ChouettesFilles.png\",\"width\":512,\"height\":512,\"caption\":\"Les Chouettes Filles\"},\"image\":{\"@id\":\"https:\\\/\\\/leschouettesfilles.fr\\\/#\\\/schema\\\/logo\\\/image\\\/\"},\"sameAs\":[\"https:\\\/\\\/www.instagram.com\\\/les_chouettes_filles\\\/\"]}]}<\/script>\n<!-- \/ Yoast SEO plugin. -->","yoast_head_json":{"title":"Politique de confidentialit\u00e9 - Les Chouettes Filles","robots":{"index":"index","follow":"follow","max-snippet":"max-snippet:-1","max-image-preview":"max-image-preview:large","max-video-preview":"max-video-preview:-1"},"canonical":"https:\/\/leschouettesfilles.fr\/index.php\/politique-de-confidentialite\/","og_locale":"fr_FR","og_type":"article","og_title":"Politique de confidentialit\u00e9 - Les Chouettes Filles","og_description":"Collecte des donn\u00e9es \u00e0 caract\u00e8re personnel Les donn\u00e9es \u00e0 caract\u00e8re personnel qui sont collect\u00e9es sur le site https:\/\/leschouettesfilles.fr sont n\u00e9cessaires \u00e0 la vente des Produits et \u00e0 leur d\u00e9livrance \/ livraison, confi\u00e9es au Vendeur. Ces donn\u00e9es \u00e0 caract\u00e8re personnel sont r\u00e9colt\u00e9es uniquement pour l\u2019ex\u00e9cution du contrat de vente. Les donn\u00e9es collect\u00e9es sont les suivantes : [&hellip;]","og_url":"https:\/\/leschouettesfilles.fr\/index.php\/politique-de-confidentialite\/","og_site_name":"Les Chouettes Filles","article_modified_time":"2023-11-13T12:57:46+00:00","twitter_card":"summary_large_image","twitter_misc":{"Dur\u00e9e de lecture estim\u00e9e":"5 minutes"},"schema":{"@context":"https:\/\/schema.org","@graph":[{"@type":"WebPage","@id":"https:\/\/leschouettesfilles.fr\/index.php\/politique-de-confidentialite\/","url":"https:\/\/leschouettesfilles.fr\/index.php\/politique-de-confidentialite\/","name":"Politique de confidentialit\u00e9 - Les Chouettes Filles","isPartOf":{"@id":"https:\/\/leschouettesfilles.fr\/#website"},"datePublished":"2023-08-05T19:47:37+00:00","dateModified":"2023-11-13T12:57:46+00:00","breadcrumb":{"@id":"https:\/\/leschouettesfilles.fr\/index.php\/politique-de-confidentialite\/#breadcrumb"},"inLanguage":"fr-FR","potentialAction":[{"@type":"ReadAction","target":["https:\/\/leschouettesfilles.fr\/index.php\/politique-de-confidentialite\/"]}]},{"@type":"BreadcrumbList","@id":"https:\/\/leschouettesfilles.fr\/index.php\/politique-de-confidentialite\/#breadcrumb","itemListElement":[{"@type":"ListItem","position":1,"name":"Accueil","item":"https:\/\/leschouettesfilles.fr\/"},{"@type":"ListItem","position":2,"name":"Politique de confidentialit\u00e9"}]},{"@type":"WebSite","@id":"https:\/\/leschouettesfilles.fr\/#website","url":"https:\/\/leschouettesfilles.fr\/","name":"Les Chouettes Filles","description":"Cr\u00e9ations nantaises de bijoux Fantaisie en cuir upcycl\u00e9","publisher":{"@id":"https:\/\/leschouettesfilles.fr\/#organization"},"potentialAction":[{"@type":"SearchAction","target":{"@type":"EntryPoint","urlTemplate":"https:\/\/leschouettesfilles.fr\/?s={search_term_string}"},"query-input":{"@type":"PropertyValueSpecification","valueRequired":true,"valueName":"search_term_string"}}],"inLanguage":"fr-FR"},{"@type":"Organization","@id":"https:\/\/leschouettesfilles.fr\/#organization","name":"Les Chouettes Filles","url":"https:\/\/leschouettesfilles.fr\/","logo":{"@type":"ImageObject","inLanguage":"fr-FR","@id":"https:\/\/leschouettesfilles.fr\/#\/schema\/logo\/image\/","url":"https:\/\/leschouettesfilles.fr\/wp-content\/uploads\/2023\/09\/ICONE-ChouettesFilles.png","contentUrl":"https:\/\/leschouettesfilles.fr\/wp-content\/uploads\/2023\/09\/ICONE-ChouettesFilles.png","width":512,"height":512,"caption":"Les Chouettes Filles"},"image":{"@id":"https:\/\/leschouettesfilles.fr\/#\/schema\/logo\/image\/"},"sameAs":["https:\/\/www.instagram.com\/les_chouettes_filles\/"]}]}},"_links":{"self":[{"href":"https:\/\/leschouettesfilles.fr\/index.php\/wp-json\/wp\/v2\/pages\/3","targetHints":{"allow":["GET"]}}],"collection":[{"href":"https:\/\/leschouettesfilles.fr\/index.php\/wp-json\/wp\/v2\/pages"}],"about":[{"href":"https:\/\/leschouettesfilles.fr\/index.php\/wp-json\/wp\/v2\/types\/page"}],"author":[{"embeddable":true,"href":"https:\/\/leschouettesfilles.fr\/index.php\/wp-json\/wp\/v2\/users\/2"}],"replies":[{"embeddable":true,"href":"https:\/\/leschouettesfilles.fr\/index.php\/wp-json\/wp\/v2\/comments?post=3"}],"version-history":[{"count":13,"href":"https:\/\/leschouettesfilles.fr\/index.php\/wp-json\/wp\/v2\/pages\/3\/revisions"}],"predecessor-version":[{"id":403,"href":"https:\/\/leschouettesfilles.fr\/index.php\/wp-json\/wp\/v2\/pages\/3\/revisions\/403"}],"wp:attachment":[{"href":"https:\/\/leschouettesfilles.fr\/index.php\/wp-json\/wp\/v2\/media?parent=3"}],"curies":[{"name":"wp","href":"https:\/\/api.w.org\/{rel}","templated":true}]}}