{"id":118,"date":"2023-09-28T23:44:32","date_gmt":"2023-09-28T21:44:32","guid":{"rendered":"https:\/\/leschouettesfilles.fr\/?page_id=118"},"modified":"2023-11-09T22:36:54","modified_gmt":"2023-11-09T21:36:54","slug":"mentions-legales","status":"publish","type":"page","link":"https:\/\/leschouettesfilles.fr\/index.php\/mentions-legales\/","title":{"rendered":"Mentions l\u00e9gales"},"content":{"rendered":"\n<p>Selon la&nbsp;<a rel=\"noreferrer noopener\" href=\"https:\/\/fr.wikipedia.org\/wiki\/Loi_pour_la_confiance_dans_l%27%C3%A9conomie_num%C3%A9rique\" target=\"_blank\">loi sur la confiance en l\u2019\u00e9conomie num\u00e9rique (LCEN) du 21 juin 2004<\/a>, tous les sites internet doivent faire figurer un certain nombre d&rsquo;informations pr\u00e9sent\u00e9es ci-apr\u00e8s. <\/p>\n\n\n\n<h2 class=\"wp-block-heading\">Qui sommes-nous ?<\/h2>\n\n\n\n<p><strong>Propri\u00e9taire du site :<\/strong>  Entreprise Individuelle \u00ab\u00a0La Renarde\u00a0\u00bb &#8211; Contact : <a href=\"mailto:agnes@leschouettesfilles.fr\">agnes@leschouettesfilles.fr<\/a> &#8211; Adresse : 4 rue Paul Gauguin, 44100 Nantes, France<\/p>\n\n\n\n<p><strong>Identification de l&rsquo;entreprise : <\/strong>Entreprise Individuelle \u00ab\u00a0La Renarde\u00a0\u00bb &#8211; Num\u00e9ro d\u2019immatriculation : 915.292.510 RM 44 &#8211; Adresse : 4 rue Paul Gauguin, 44100 Nantes, France<\/p>\n\n\n\n<p><strong>H\u00e9bergeur du site :<\/strong>  OVH SAS &#8211; Filiale de la soci\u00e9t\u00e9 OVH Groupe SA &#8211; Soci\u00e9t\u00e9 immatricul\u00e9e au RCS de Lille sous le num\u00e9ro 537 407 926 &#8211; Adresse : 2, rue Kellermann, 59100 Roubaix, FRANCE<\/p>\n\n\n\n<h2 class=\"wp-block-heading\">Propri\u00e9t\u00e9 intellectuelle et contrefa\u00e7ons<\/h2>\n\n\n\n<p>Le site et chacun des \u00e9l\u00e9ments, y compris mais sans limitation les articles, la marque, le logo, les ic\u00f4nes, les infographies, les photographies, qui le composent sont prot\u00e9g\u00e9s au titre de la l\u00e9gislation internationale de la propri\u00e9t\u00e9 intellectuelle. Les contenus figurant sur le site sont la propri\u00e9t\u00e9 de l&rsquo;entrepise individuelle \u00ab\u00a0La Renarde\u00a0\u00bb ou d\u2019autres entreprises. Toute utilisation, reproduction ou repr\u00e9sentation, par quelque proc\u00e9d\u00e9 que ce soit, et sur quelque support que ce soit, de tout ou partie du site et\/ou des \u00e9l\u00e9ments qui le composent n&rsquo;est pas autoris\u00e9e sans le consentement expresse du propri\u00e9taire du site <a href=\"https:\/\/leschouettesfilles.fr\/\" data-type=\"page\" data-id=\"74\">leschouettesfilles.fr<\/a>.<\/p>\n\n\n\n<p>La marque \u00ab\u00a0<strong>Les chouettes filles<\/strong>\u00a0\u00bb figurant sur le pr\u00e9sent site internet, est une marque enregistr\u00e9e dont le titulaire est le propri\u00e9taire du site. Toutes les autres marques qui figurent sur le pr\u00e9sent site internet sont la propri\u00e9t\u00e9 de leurs titulaires respectifs.<\/p>\n\n\n\n<p>Toute exploitation non autoris\u00e9e du pr\u00e9sent site ou d&rsquo;un quelconque \u00e9l\u00e9ment qu\u2019il contient pourrait \u00eatre consid\u00e9r\u00e9e comme \u00e9tant une contrefa\u00e7on et poursuivie conform\u00e9ment aux dispositions de l&rsquo;article&nbsp;<a href=\"https:\/\/www.legifrance.gouv.fr\/affichCodeArticle.do?idArticle=LEGIARTI000032655082&amp;cidTexte=LEGITEXT000006069414&amp;dateTexte=20160605\">L.335-2 et suivants du Code de Propri\u00e9t\u00e9 Intellectuelle<\/a>.<\/p>\n\n\n\n<h2 class=\"wp-block-heading\">Limites de responsabilit\u00e9<\/h2>\n\n\n\n<p>Le propri\u00e9taire du site ne pourra \u00eatre tenu pour responsable des dommages directs et indirects caus\u00e9s au mat\u00e9riel de l\u2019utilisateur, lors de l\u2019acc\u00e8s au site <a href=\"https:\/\/leschouettesfilles.fr\/\" data-type=\"page\" data-id=\"74\">leschouettesfilles.fr<\/a> et d\u00e9cline toute responsabilit\u00e9 quant \u00e0 l\u2019utilisation qui pourrait \u00eatre faite des informations et contenus qui y sont pr\u00e9sents.<\/p>\n\n\n\n<p>Le propri\u00e9taire du site s&rsquo;engage \u00e0 s\u00e9curiser le site <a href=\"https:\/\/leschouettesfilles.fr\/\" data-type=\"page\" data-id=\"74\">leschouettesfilles.fr<\/a> en suivant les recommandations standards de s\u00e9curit\u00e9 informatique, cependant sa responsabilit\u00e9 ne pourra pas \u00eatre mise en cause si des donn\u00e9es ind\u00e9sirables sont import\u00e9es et install\u00e9es sur son site \u00e0 son insu.<\/p>\n\n\n\n<h2 class=\"wp-block-heading\">Donn\u00e9es personnelles<\/h2>\n\n\n\n<p>Conform\u00e9ment aux dispositions de\u00a0<a href=\"https:\/\/www.legifrance.gouv.fr\/affichTexte.do?cidTexte=JORFTEXT000000886460\">la loi 78-17 du 6 janvier 1978 modifi\u00e9e<\/a>, l\u2019utilisateur du site\u00a0<strong><a href=\"https:\/\/leschouettesfilles.fr\/\" data-type=\"page\" data-id=\"74\">leschouettesfilles.fr\u00a0<\/a><\/strong>dispose d\u2019un droit d\u2019acc\u00e8s, de modification et de suppression des informations collect\u00e9es. Pour exercer ce droit, merci d&rsquo;adresser simplement un courriel au propri\u00e9taire du site en utilisant l&rsquo;adresse <a href=\"mailto:agnes@leschouettesfilles.fr\">agnes@leschouettesfilles.fr<\/a>. Le propri\u00e9taire du site fait office de D\u00e9l\u00e9gu\u00e9 \u00e0 La Protection des Donn\u00e9es pour l&rsquo;entreprise individuelle \u00ab\u00a0La Renarde\u00a0\u00bb.<\/p>\n\n\n\n<p>Le d\u00e9tail des donn\u00e9es personnelles collect\u00e9es sur le site leschouettesfilles.fr est pr\u00e9cis\u00e9 \u00e0 la page <strong>Politique de confidentialit\u00e9<\/strong>, que l&rsquo;utilisateur est invit\u00e9 \u00e0 consulter.<\/p>\n\n\n\n<h2 class=\"wp-block-heading\">Liens hypertextes et cookies<\/h2>\n\n\n\n<p>Le site&nbsp;<strong><strong><a href=\"https:\/\/leschouettesfilles.fr\/\" data-type=\"page\" data-id=\"74\">leschouettesfilles.fr<\/a><\/strong><\/strong>&nbsp;contient des liens hypertextes vers d\u2019autres sites et d\u00e9gage toute responsabilit\u00e9 \u00e0 propos de ces liens externes ou des liens cr\u00e9\u00e9s par d\u2019autres sites vers&nbsp;<strong><a href=\"https:\/\/leschouettesfilles.fr\/\" data-type=\"page\" data-id=\"74\">leschouettesfilles.fr<\/a><\/strong>.<\/p>\n\n\n\n<p>La navigation sur le site&nbsp;<strong><a href=\"https:\/\/leschouettesfilles.fr\/\" data-type=\"page\" data-id=\"74\">leschouettesfilles.fr<\/a><\/strong>&nbsp;est susceptible de provoquer l\u2019installation de cookie(s) sur l\u2019ordinateur de l\u2019utilisateur.<\/p>\n\n\n\n<p>Un \u00ab\u00a0cookie\u00a0\u00bb est un fichier de petite taille qui enregistre des informations relatives \u00e0 la navigation d\u2019un utilisateur sur un site. Par exemple, le choix de ne plus afficher la banni\u00e8re d&rsquo;information du site est enregistr\u00e9 dans un cookie, ou bien encore le panier d&rsquo;achat est enregistr\u00e9 dans un cookie.<\/p>\n\n\n\n<p>Vous avez la possibilit\u00e9&nbsp;<strong>d\u2019accepter ou de refuser les cookies<\/strong>&nbsp;en modifiant les param\u00e8tres de votre navigateur. Aucun cookie ne sera d\u00e9pos\u00e9 sans votre consentement.<\/p>\n\n\n\n<p>Les cookies sont enregistr\u00e9s pour une dur\u00e9e maximale de&nbsp;1 an.<\/p>\n\n\n\n<h2 class=\"wp-block-heading\">Autres mentions l\u00e9gales<\/h2>\n\n\n\n<p>L&rsquo;utilisateur est \u00e9galement invit\u00e9 \u00e0 prendre  connaissance de la <a href=\"https:\/\/leschouettesfilles.fr\/index.php\/politique-de-confidentialite\/\" data-type=\"link\" data-id=\"https:\/\/leschouettesfilles.fr\/index.php\/politique-de-confidentialite\/\">Politique de confidentialit\u00e9<\/a> et des <a href=\"https:\/\/leschouettesfilles.fr\/index.php\/conditions-generales-de-vente\/\" data-type=\"link\" data-id=\"https:\/\/leschouettesfilles.fr\/index.php\/conditions-generales-de-vente\/\">Conditions G\u00e9n\u00e9rales de Ventes<\/a> du site <strong><a href=\"https:\/\/leschouettesfilles.fr\/\">leschouettesfilles.fr<\/a>.<\/strong> <\/p>\n\n\n\n<h2 class=\"wp-block-heading\">Droit applicable et attribution de juridiction<\/h2>\n\n\n\n<p>Tout litige en relation avec l\u2019utilisation du site&nbsp;<strong><strong><a href=\"https:\/\/leschouettesfilles.fr\/\" data-type=\"page\" data-id=\"74\">leschouettesfilles.fr<\/a><\/strong>&nbsp;<\/strong>est soumis au droit fran\u00e7ais. En dehors des cas o\u00f9 la loi ne le permet pas, il est fait attribution exclusive de juridiction aux tribunaux comp\u00e9tents de&nbsp;<strong>Nantes<\/strong>.<\/p>\n","protected":false},"excerpt":{"rendered":"<p>Selon la&nbsp;loi sur la confiance en l\u2019\u00e9conomie num\u00e9rique (LCEN) du 21 juin 2004, tous les sites internet doivent faire figurer un certain nombre d&rsquo;informations pr\u00e9sent\u00e9es ci-apr\u00e8s. Qui sommes-nous ? Propri\u00e9taire du site : Entreprise Individuelle \u00ab\u00a0La Renarde\u00a0\u00bb &#8211; Contact : agnes@leschouettesfilles.fr &#8211; Adresse : 4 rue Paul Gauguin, 44100 Nantes, France Identification de l&rsquo;entreprise : [&hellip;]<\/p>\n","protected":false},"author":1,"featured_media":0,"parent":0,"menu_order":0,"comment_status":"closed","ping_status":"closed","template":"","meta":{"footnotes":""},"class_list":["post-118","page","type-page","status-publish","hentry"],"yoast_head":"<!-- This site is optimized with the Yoast SEO plugin v27.3 - https:\/\/yoast.com\/product\/yoast-seo-wordpress\/ -->\n<title>Mentions l\u00e9gales - Les Chouettes Filles<\/title>\n<meta name=\"robots\" content=\"index, follow, max-snippet:-1, max-image-preview:large, max-video-preview:-1\" \/>\n<link rel=\"canonical\" href=\"https:\/\/leschouettesfilles.fr\/index.php\/mentions-legales\/\" \/>\n<meta property=\"og:locale\" content=\"fr_FR\" \/>\n<meta property=\"og:type\" content=\"article\" \/>\n<meta property=\"og:title\" content=\"Mentions l\u00e9gales - Les Chouettes Filles\" \/>\n<meta property=\"og:description\" content=\"Selon la&nbsp;loi sur la confiance en l\u2019\u00e9conomie num\u00e9rique (LCEN) du 21 juin 2004, tous les sites internet doivent faire figurer un certain nombre d&rsquo;informations pr\u00e9sent\u00e9es ci-apr\u00e8s. Qui sommes-nous ? Propri\u00e9taire du site : Entreprise Individuelle \u00ab\u00a0La Renarde\u00a0\u00bb &#8211; Contact : agnes@leschouettesfilles.fr &#8211; Adresse : 4 rue Paul Gauguin, 44100 Nantes, France Identification de l&rsquo;entreprise : [&hellip;]\" \/>\n<meta property=\"og:url\" content=\"https:\/\/leschouettesfilles.fr\/index.php\/mentions-legales\/\" \/>\n<meta property=\"og:site_name\" content=\"Les Chouettes Filles\" \/>\n<meta property=\"article:modified_time\" content=\"2023-11-09T21:36:54+00:00\" \/>\n<meta name=\"twitter:card\" content=\"summary_large_image\" \/>\n<meta name=\"twitter:label1\" content=\"Dur\u00e9e de lecture estim\u00e9e\" \/>\n\t<meta name=\"twitter:data1\" content=\"4 minutes\" \/>\n<script type=\"application\/ld+json\" class=\"yoast-schema-graph\">{\"@context\":\"https:\\\/\\\/schema.org\",\"@graph\":[{\"@type\":\"WebPage\",\"@id\":\"https:\\\/\\\/leschouettesfilles.fr\\\/index.php\\\/mentions-legales\\\/\",\"url\":\"https:\\\/\\\/leschouettesfilles.fr\\\/index.php\\\/mentions-legales\\\/\",\"name\":\"Mentions l\u00e9gales - Les Chouettes Filles\",\"isPartOf\":{\"@id\":\"https:\\\/\\\/leschouettesfilles.fr\\\/#website\"},\"datePublished\":\"2023-09-28T21:44:32+00:00\",\"dateModified\":\"2023-11-09T21:36:54+00:00\",\"breadcrumb\":{\"@id\":\"https:\\\/\\\/leschouettesfilles.fr\\\/index.php\\\/mentions-legales\\\/#breadcrumb\"},\"inLanguage\":\"fr-FR\",\"potentialAction\":[{\"@type\":\"ReadAction\",\"target\":[\"https:\\\/\\\/leschouettesfilles.fr\\\/index.php\\\/mentions-legales\\\/\"]}]},{\"@type\":\"BreadcrumbList\",\"@id\":\"https:\\\/\\\/leschouettesfilles.fr\\\/index.php\\\/mentions-legales\\\/#breadcrumb\",\"itemListElement\":[{\"@type\":\"ListItem\",\"position\":1,\"name\":\"Accueil\",\"item\":\"https:\\\/\\\/leschouettesfilles.fr\\\/\"},{\"@type\":\"ListItem\",\"position\":2,\"name\":\"Mentions l\u00e9gales\"}]},{\"@type\":\"WebSite\",\"@id\":\"https:\\\/\\\/leschouettesfilles.fr\\\/#website\",\"url\":\"https:\\\/\\\/leschouettesfilles.fr\\\/\",\"name\":\"Les Chouettes Filles\",\"description\":\"Cr\u00e9ations nantaises de bijoux Fantaisie en cuir upcycl\u00e9\",\"publisher\":{\"@id\":\"https:\\\/\\\/leschouettesfilles.fr\\\/#organization\"},\"potentialAction\":[{\"@type\":\"SearchAction\",\"target\":{\"@type\":\"EntryPoint\",\"urlTemplate\":\"https:\\\/\\\/leschouettesfilles.fr\\\/?s={search_term_string}\"},\"query-input\":{\"@type\":\"PropertyValueSpecification\",\"valueRequired\":true,\"valueName\":\"search_term_string\"}}],\"inLanguage\":\"fr-FR\"},{\"@type\":\"Organization\",\"@id\":\"https:\\\/\\\/leschouettesfilles.fr\\\/#organization\",\"name\":\"Les Chouettes Filles\",\"url\":\"https:\\\/\\\/leschouettesfilles.fr\\\/\",\"logo\":{\"@type\":\"ImageObject\",\"inLanguage\":\"fr-FR\",\"@id\":\"https:\\\/\\\/leschouettesfilles.fr\\\/#\\\/schema\\\/logo\\\/image\\\/\",\"url\":\"https:\\\/\\\/leschouettesfilles.fr\\\/wp-content\\\/uploads\\\/2023\\\/09\\\/ICONE-ChouettesFilles.png\",\"contentUrl\":\"https:\\\/\\\/leschouettesfilles.fr\\\/wp-content\\\/uploads\\\/2023\\\/09\\\/ICONE-ChouettesFilles.png\",\"width\":512,\"height\":512,\"caption\":\"Les Chouettes Filles\"},\"image\":{\"@id\":\"https:\\\/\\\/leschouettesfilles.fr\\\/#\\\/schema\\\/logo\\\/image\\\/\"},\"sameAs\":[\"https:\\\/\\\/www.instagram.com\\\/les_chouettes_filles\\\/\"]}]}<\/script>\n<!-- \/ Yoast SEO plugin. -->","yoast_head_json":{"title":"Mentions l\u00e9gales - Les Chouettes Filles","robots":{"index":"index","follow":"follow","max-snippet":"max-snippet:-1","max-image-preview":"max-image-preview:large","max-video-preview":"max-video-preview:-1"},"canonical":"https:\/\/leschouettesfilles.fr\/index.php\/mentions-legales\/","og_locale":"fr_FR","og_type":"article","og_title":"Mentions l\u00e9gales - Les Chouettes Filles","og_description":"Selon la&nbsp;loi sur la confiance en l\u2019\u00e9conomie num\u00e9rique (LCEN) du 21 juin 2004, tous les sites internet doivent faire figurer un certain nombre d&rsquo;informations pr\u00e9sent\u00e9es ci-apr\u00e8s. Qui sommes-nous ? Propri\u00e9taire du site : Entreprise Individuelle \u00ab\u00a0La Renarde\u00a0\u00bb &#8211; Contact : agnes@leschouettesfilles.fr &#8211; Adresse : 4 rue Paul Gauguin, 44100 Nantes, France Identification de l&rsquo;entreprise : [&hellip;]","og_url":"https:\/\/leschouettesfilles.fr\/index.php\/mentions-legales\/","og_site_name":"Les Chouettes Filles","article_modified_time":"2023-11-09T21:36:54+00:00","twitter_card":"summary_large_image","twitter_misc":{"Dur\u00e9e de lecture estim\u00e9e":"4 minutes"},"schema":{"@context":"https:\/\/schema.org","@graph":[{"@type":"WebPage","@id":"https:\/\/leschouettesfilles.fr\/index.php\/mentions-legales\/","url":"https:\/\/leschouettesfilles.fr\/index.php\/mentions-legales\/","name":"Mentions l\u00e9gales - Les Chouettes Filles","isPartOf":{"@id":"https:\/\/leschouettesfilles.fr\/#website"},"datePublished":"2023-09-28T21:44:32+00:00","dateModified":"2023-11-09T21:36:54+00:00","breadcrumb":{"@id":"https:\/\/leschouettesfilles.fr\/index.php\/mentions-legales\/#breadcrumb"},"inLanguage":"fr-FR","potentialAction":[{"@type":"ReadAction","target":["https:\/\/leschouettesfilles.fr\/index.php\/mentions-legales\/"]}]},{"@type":"BreadcrumbList","@id":"https:\/\/leschouettesfilles.fr\/index.php\/mentions-legales\/#breadcrumb","itemListElement":[{"@type":"ListItem","position":1,"name":"Accueil","item":"https:\/\/leschouettesfilles.fr\/"},{"@type":"ListItem","position":2,"name":"Mentions l\u00e9gales"}]},{"@type":"WebSite","@id":"https:\/\/leschouettesfilles.fr\/#website","url":"https:\/\/leschouettesfilles.fr\/","name":"Les Chouettes Filles","description":"Cr\u00e9ations nantaises de bijoux Fantaisie en cuir upcycl\u00e9","publisher":{"@id":"https:\/\/leschouettesfilles.fr\/#organization"},"potentialAction":[{"@type":"SearchAction","target":{"@type":"EntryPoint","urlTemplate":"https:\/\/leschouettesfilles.fr\/?s={search_term_string}"},"query-input":{"@type":"PropertyValueSpecification","valueRequired":true,"valueName":"search_term_string"}}],"inLanguage":"fr-FR"},{"@type":"Organization","@id":"https:\/\/leschouettesfilles.fr\/#organization","name":"Les Chouettes Filles","url":"https:\/\/leschouettesfilles.fr\/","logo":{"@type":"ImageObject","inLanguage":"fr-FR","@id":"https:\/\/leschouettesfilles.fr\/#\/schema\/logo\/image\/","url":"https:\/\/leschouettesfilles.fr\/wp-content\/uploads\/2023\/09\/ICONE-ChouettesFilles.png","contentUrl":"https:\/\/leschouettesfilles.fr\/wp-content\/uploads\/2023\/09\/ICONE-ChouettesFilles.png","width":512,"height":512,"caption":"Les Chouettes Filles"},"image":{"@id":"https:\/\/leschouettesfilles.fr\/#\/schema\/logo\/image\/"},"sameAs":["https:\/\/www.instagram.com\/les_chouettes_filles\/"]}]}},"_links":{"self":[{"href":"https:\/\/leschouettesfilles.fr\/index.php\/wp-json\/wp\/v2\/pages\/118","targetHints":{"allow":["GET"]}}],"collection":[{"href":"https:\/\/leschouettesfilles.fr\/index.php\/wp-json\/wp\/v2\/pages"}],"about":[{"href":"https:\/\/leschouettesfilles.fr\/index.php\/wp-json\/wp\/v2\/types\/page"}],"author":[{"embeddable":true,"href":"https:\/\/leschouettesfilles.fr\/index.php\/wp-json\/wp\/v2\/users\/1"}],"replies":[{"embeddable":true,"href":"https:\/\/leschouettesfilles.fr\/index.php\/wp-json\/wp\/v2\/comments?post=118"}],"version-history":[{"count":22,"href":"https:\/\/leschouettesfilles.fr\/index.php\/wp-json\/wp\/v2\/pages\/118\/revisions"}],"predecessor-version":[{"id":395,"href":"https:\/\/leschouettesfilles.fr\/index.php\/wp-json\/wp\/v2\/pages\/118\/revisions\/395"}],"wp:attachment":[{"href":"https:\/\/leschouettesfilles.fr\/index.php\/wp-json\/wp\/v2\/media?parent=118"}],"curies":[{"name":"wp","href":"https:\/\/api.w.org\/{rel}","templated":true}]}}